{"id":16,"date":"2025-08-20T10:39:55","date_gmt":"2025-08-20T09:39:55","guid":{"rendered":"https:\/\/kamservice.fr\/?page_id=16"},"modified":"2025-09-02T15:46:05","modified_gmt":"2025-09-02T14:46:05","slug":"page-daccueil","status":"publish","type":"page","link":"https:\/\/kamservice.fr\/","title":{"rendered":""},"content":{"rendered":"\n<div class=\"wp-block-cover alignfull is-light tmpcoder-starter-content\" style=\"margin-top:0px;margin-bottom:0px;padding-top:0px;padding-right:0px;padding-bottom:0px;padding-left:0px;min-height:50px;aspect-ratio:unset;\"><span aria-hidden=\"true\" class=\"wp-block-cover__background has-background-dim-100 has-background-dim\" style=\"background-color:#f1f7ff\"><\/span><div class=\"wp-block-cover__inner-container is-layout-flow wp-container-core-cover-is-layout-48ecb42b wp-block-cover-is-layout-flow\">\n<p class=\"has-text-align-center has-large-font-size\">Page d&rsquo;accueil Kamservice prestaire de service informatique sur Langeais (37130) \/ Tours (37000)<\/p>\n<\/div><\/div>\n\n\n\n<h2 class=\"wp-block-heading\" style=\"border-radius:0px;border-top-color:#f0f0f0;border-top-width:50px;border-right-style:none;border-right-width:0px;border-bottom-style:none;border-bottom-width:0px;border-left-style:none;border-left-width:0px\"><strong>L\u2019expertise informatique au service de votre m\u00e9tier<\/strong><\/h2>\n\n\n\n<p>Nous sommes une entreprise sp\u00e9cialis\u00e9e dans les services informatiques (SI) pour professionnels et particuliers : assistance, maintenance, cybers\u00e9curit\u00e9 et d\u00e9veloppement sur mesure. <br>Notre mission ? Simplifier votre informatique au quotidien avec des solutions fiables, rapides et adapt\u00e9es \u00e0 vos besoins.<\/p>\n\n\n\n<div class=\"wp-block-buttons is-layout-flex wp-block-buttons-is-layout-flex\">\n<div class=\"wp-block-button is-style-fill\"><a class=\"wp-block-button__link wp-element-button\" href=\"https:\/\/kamservice.fr\/index.php\/contact\/\">Un besoin ? Contactez-nous !<\/a><\/div>\n<\/div>\n\n\n\n<h2 class=\"wp-block-heading has-text-align-left\" id=\"Services\" style=\"border-top-color:#f0f0f0;border-top-width:30px;border-right-style:none;border-right-width:0px;border-bottom-style:none;border-bottom-width:0px;border-left-style:none;border-left-width:0px\">Nos prestations<\/h2>\n\n\n\n<div class=\"wp-block-group is-nowrap is-layout-flex wp-container-core-group-is-layout-24eada54 wp-block-group-is-layout-flex\" style=\"padding-top:var(--wp--preset--spacing--30);padding-right:0;padding-bottom:var(--wp--preset--spacing--30);padding-left:0\">\n<div class=\"wp-block-columns is-layout-flex wp-container-core-columns-is-layout-28f84493 wp-block-columns-is-layout-flex\">\n<div class=\"wp-block-column is-layout-flow wp-container-core-column-is-layout-47e5a185 wp-block-column-is-layout-flow\">\n<h5 class=\"wp-block-heading\">Infrastructure syst\u00e8me &amp; r\u00e9seau<\/h5>\n\n\n\n<p>Conception, d\u00e9ploiement et maintenance d\u2019infrastructures robustes pour garantir la performance, la s\u00e9curit\u00e9 et la disponibilit\u00e9 de vos syst\u00e8mes informatiques et r\u00e9seaux.<\/p>\n<\/div>\n\n\n\n<div class=\"wp-block-column is-layout-flow wp-container-core-column-is-layout-47e5a185 wp-block-column-is-layout-flow\">\n<h5 class=\"wp-block-heading\">Analyse de donn\u00e9es \/ Reporting<\/h5>\n\n\n\n<p>Exploitation de vos donn\u00e9es pour cr\u00e9er des rapports clairs et pertinents, facilitant la prise de d\u00e9cision strat\u00e9gique et op\u00e9rationnelle.<\/p>\n<\/div>\n\n\n\n<div class=\"wp-block-column is-layout-flow wp-container-core-column-is-layout-47e5a185 wp-block-column-is-layout-flow\">\n<h5 class=\"wp-block-heading\">Stockage &amp; sauvegarde<\/h5>\n\n\n\n<p>Solutions s\u00e9curis\u00e9es de stockage et de sauvegarde pour prot\u00e9ger vos donn\u00e9es contre les pertes et garantir leur disponibilit\u00e9 en toute circonstance.<\/p>\n<\/div>\n\n\n\n<div class=\"wp-block-column is-layout-flow wp-container-core-column-is-layout-47e5a185 wp-block-column-is-layout-flow\">\n<h5 class=\"wp-block-heading\">Windows &amp; Office 365<\/h5>\n\n\n\n<p>Installation, gestion et optimisation de vos environnements Windows et Office 365 pour une collaboration fluide et productive.<\/p>\n<\/div>\n<\/div>\n<\/div>\n\n\n\n<div class=\"wp-block-group is-nowrap is-layout-flex wp-container-core-group-is-layout-0eddb345 wp-block-group-is-layout-flex\" style=\"margin-top:var(--wp--preset--spacing--30);margin-bottom:var(--wp--preset--spacing--30);padding-top:var(--wp--preset--spacing--60);padding-right:0;padding-bottom:var(--wp--preset--spacing--60);padding-left:0\">\n<div class=\"wp-block-columns is-layout-flex wp-container-core-columns-is-layout-28f84493 wp-block-columns-is-layout-flex\">\n<div class=\"wp-block-column is-layout-flow wp-container-core-column-is-layout-47e5a185 wp-block-column-is-layout-flow\">\n<h5 class=\"wp-block-heading\">Analyse de risques \/ PCA \/ PRA<\/h5>\n\n\n\n<p>\u00c9valuation des risques informatiques et mise en place de plans de continuit\u00e9 (PCA) et de reprise d\u2019activit\u00e9 (PRA) adapt\u00e9s \u00e0 votre structure.<\/p>\n<\/div>\n\n\n\n<div class=\"wp-block-column is-layout-flow wp-container-core-column-is-layout-47e5a185 wp-block-column-is-layout-flow\">\n<h5 class=\"wp-block-heading\">GED \/ Facture d\u00e9mat\u00e9rialis\u00e9es<\/h5>\n\n\n\n<p>D\u00e9ploiement de solutions de gestion \u00e9lectronique des documents et de facturation d\u00e9mat\u00e9rialis\u00e9e pour optimiser vos processus administratifs.<\/p>\n<\/div>\n\n\n\n<div class=\"wp-block-column is-layout-flow wp-container-core-column-is-layout-47e5a185 wp-block-column-is-layout-flow\">\n<h5 class=\"wp-block-heading\">Cybers\u00e9curit\u00e9<\/h5>\n\n\n\n<p>Mise en \u0153uvre de protections avanc\u00e9es contre les menaces informatiques pour s\u00e9curiser vos syst\u00e8mes, vos donn\u00e9es et vos utilisateurs.<\/p>\n<\/div>\n\n\n\n<div class=\"wp-block-column is-layout-flow wp-container-core-column-is-layout-47e5a185 wp-block-column-is-layout-flow\">\n<h5 class=\"wp-block-heading\">RGPD \/ DPO<\/h5>\n\n\n\n<p>Accompagnement \u00e0 la conformit\u00e9 RGPD et externalisation du r\u00f4le de DPO pour prot\u00e9ger les donn\u00e9es personnelles de vos clients et collaborateurs.<\/p>\n<\/div>\n<\/div>\n<\/div>\n\n\n\n<div class=\"wp-block-group is-nowrap is-layout-flex wp-container-core-group-is-layout-85c28e6f wp-block-group-is-layout-flex\" style=\"margin-top:var(--wp--preset--spacing--30);margin-bottom:var(--wp--preset--spacing--30);padding-top:var(--wp--preset--spacing--60);padding-right:0;padding-bottom:var(--wp--preset--spacing--60);padding-left:0\">\n<div class=\"wp-block-columns is-layout-flex wp-container-core-columns-is-layout-28f84493 wp-block-columns-is-layout-flex\">\n<div class=\"wp-block-column is-layout-flow wp-container-core-column-is-layout-47e5a185 wp-block-column-is-layout-flow\">\n<h5 class=\"wp-block-heading\">Vid\u00e9o \/ Alarme<\/h5>\n\n\n\n<p>Installation de syst\u00e8mes de vid\u00e9osurveillance et d\u2019alarme pour renforcer la s\u00e9curit\u00e9 physique de vos locaux.<\/p>\n<\/div>\n\n\n\n<div class=\"wp-block-column is-layout-flow wp-container-core-column-is-layout-47e5a185 wp-block-column-is-layout-flow\">\n<h5 class=\"wp-block-heading\">Impressions<\/h5>\n\n\n\n<p>Gestion de parcs d\u2019impression performants et \u00e9conomiques, adapt\u00e9s \u00e0 vos besoins bureautiques quotidiens.<\/p>\n<\/div>\n\n\n\n<div class=\"wp-block-column is-layout-flow wp-container-core-column-is-layout-47e5a185 wp-block-column-is-layout-flow\">\n<h5 class=\"wp-block-heading\">T\u00e9l\u00e9phonie &amp; internet<\/h5>\n\n\n\n<p>Solutions de t\u00e9l\u00e9phonie IP modernes et flexibles. Liens internets ou forfaits mobiles adapt\u00e9s.<\/p>\n<\/div>\n\n\n\n<div class=\"wp-block-column is-layout-flow wp-container-core-column-is-layout-47e5a185 wp-block-column-is-layout-flow\">\n<h5 class=\"wp-block-heading\">IA<\/h5>\n\n\n\n<p>Int\u00e9gration d\u2019outils d\u2019intelligence artificielle pour automatiser, optimiser et enrichir vos processus m\u00e9tiers.<\/p>\n<\/div>\n<\/div>\n<\/div>\n\n\n\n<p><\/p>\n","protected":false},"excerpt":{"rendered":"<p>L\u2019expertise informatique au service de votre m\u00e9tier Nous sommes une entreprise sp\u00e9cialis\u00e9e dans les services informatiques (SI) pour professionnels et [&hellip;]<\/p>\n","protected":false},"author":1,"featured_media":0,"parent":0,"menu_order":0,"comment_status":"closed","ping_status":"closed","template":"","meta":{"site-sidebar-layout":"no-sidebar","site-content-layout":"plain-container","ast-site-content-layout":"default","site-content-style":"default","site-sidebar-style":"default","ast-global-header-display":"","ast-banner-title-visibility":"","ast-main-header-display":"","ast-hfb-above-header-display":"","ast-hfb-below-header-display":"","ast-hfb-mobile-header-display":"","site-post-title":"disabled","ast-breadcrumbs-content":"","ast-featured-img":"","footer-sml-layout":"","theme-transparent-header-meta":"enabled","adv-header-id-meta":"","stick-header-meta":"","header-above-stick-meta":"","header-main-stick-meta":"","header-below-stick-meta":"","astra-migrate-meta-layouts":"default","ast-page-background-enabled":"default","ast-page-background-meta":{"desktop":{"background-color":"var(--ast-global-color-5)","background-image":"","background-repeat":"repeat","background-position":"center center","background-size":"auto","background-attachment":"scroll","background-type":"","background-media":"","overlay-type":"","overlay-color":"","overlay-opacity":"","overlay-gradient":""},"tablet":{"background-color":"","background-image":"","background-repeat":"repeat","background-position":"center center","background-size":"auto","background-attachment":"scroll","background-type":"","background-media":"","overlay-type":"","overlay-color":"","overlay-opacity":"","overlay-gradient":""},"mobile":{"background-color":"","background-image":"","background-repeat":"repeat","background-position":"center center","background-size":"auto","background-attachment":"scroll","background-type":"","background-media":"","overlay-type":"","overlay-color":"","overlay-opacity":"","overlay-gradient":""}},"ast-content-background-meta":{"desktop":{"background-color":"var(--ast-global-color-4)","background-image":"","background-repeat":"repeat","background-position":"center center","background-size":"auto","background-attachment":"scroll","background-type":"","background-media":"","overlay-type":"","overlay-color":"","overlay-opacity":"","overlay-gradient":""},"tablet":{"background-color":"var(--ast-global-color-4)","background-image":"","background-repeat":"repeat","background-position":"center center","background-size":"auto","background-attachment":"scroll","background-type":"","background-media":"","overlay-type":"","overlay-color":"","overlay-opacity":"","overlay-gradient":""},"mobile":{"background-color":"var(--ast-global-color-4)","background-image":"","background-repeat":"repeat","background-position":"center center","background-size":"auto","background-attachment":"scroll","background-type":"","background-media":"","overlay-type":"","overlay-color":"","overlay-opacity":"","overlay-gradient":""}},"footnotes":""},"class_list":["post-16","page","type-page","status-publish","hentry"],"yoast_head":"<!-- This site is optimized with the Yoast SEO plugin v25.8 - https:\/\/yoast.com\/wordpress\/plugins\/seo\/ -->\n<title>KamService Informatique sur Langeais &amp; Tours<\/title>\n<meta name=\"description\" content=\"Bienvenue sur le site de Kamservice, l\u2019expertise informatique au service de votre m\u00e9tier, sur les zones de Langeais (37130) et Tours (37000)\" \/>\n<meta name=\"robots\" content=\"index, follow, max-snippet:-1, max-image-preview:large, max-video-preview:-1\" \/>\n<link rel=\"canonical\" href=\"https:\/\/kamservice.fr\/\" \/>\n<meta property=\"og:locale\" content=\"fr_FR\" \/>\n<meta property=\"og:type\" content=\"article\" \/>\n<meta property=\"og:title\" content=\"KamService Informatique sur Langeais &amp; Tours\" \/>\n<meta property=\"og:description\" content=\"Bienvenue sur le site de Kamservice, l\u2019expertise informatique au service de votre m\u00e9tier, sur les zones de Langeais (37130) et Tours (37000)\" \/>\n<meta property=\"og:url\" content=\"https:\/\/kamservice.fr\/\" \/>\n<meta property=\"og:site_name\" content=\"KamService\" \/>\n<meta property=\"article:modified_time\" content=\"2025-09-02T14:46:05+00:00\" \/>\n<meta name=\"twitter:card\" content=\"summary_large_image\" \/>\n<meta name=\"twitter:label1\" content=\"Dur\u00e9e de lecture estim\u00e9e\" \/>\n\t<meta name=\"twitter:data1\" content=\"2 minutes\" \/>\n<script type=\"application\/ld+json\" class=\"yoast-schema-graph\">{\"@context\":\"https:\/\/schema.org\",\"@graph\":[{\"@type\":\"WebPage\",\"@id\":\"https:\/\/kamservice.fr\/\",\"url\":\"https:\/\/kamservice.fr\/\",\"name\":\"KamService Informatique sur Langeais & Tours\",\"isPartOf\":{\"@id\":\"https:\/\/kamservice.fr\/#website\"},\"datePublished\":\"2025-08-20T09:39:55+00:00\",\"dateModified\":\"2025-09-02T14:46:05+00:00\",\"description\":\"Bienvenue sur le site de Kamservice, l\u2019expertise informatique au service de votre m\u00e9tier, sur les zones de Langeais (37130) et Tours (37000)\",\"inLanguage\":\"fr-FR\",\"potentialAction\":[{\"@type\":\"ReadAction\",\"target\":[\"https:\/\/kamservice.fr\/\"]}]},{\"@type\":\"WebSite\",\"@id\":\"https:\/\/kamservice.fr\/#website\",\"url\":\"https:\/\/kamservice.fr\/\",\"name\":\"KamService\",\"description\":\"\",\"potentialAction\":[{\"@type\":\"SearchAction\",\"target\":{\"@type\":\"EntryPoint\",\"urlTemplate\":\"https:\/\/kamservice.fr\/?s={search_term_string}\"},\"query-input\":{\"@type\":\"PropertyValueSpecification\",\"valueRequired\":true,\"valueName\":\"search_term_string\"}}],\"inLanguage\":\"fr-FR\"}]}<\/script>\n<!-- \/ Yoast SEO plugin. -->","yoast_head_json":{"title":"KamService Informatique sur Langeais & Tours","description":"Bienvenue sur le site de Kamservice, l\u2019expertise informatique au service de votre m\u00e9tier, sur les zones de Langeais (37130) et Tours (37000)","robots":{"index":"index","follow":"follow","max-snippet":"max-snippet:-1","max-image-preview":"max-image-preview:large","max-video-preview":"max-video-preview:-1"},"canonical":"https:\/\/kamservice.fr\/","og_locale":"fr_FR","og_type":"article","og_title":"KamService Informatique sur Langeais & Tours","og_description":"Bienvenue sur le site de Kamservice, l\u2019expertise informatique au service de votre m\u00e9tier, sur les zones de Langeais (37130) et Tours (37000)","og_url":"https:\/\/kamservice.fr\/","og_site_name":"KamService","article_modified_time":"2025-09-02T14:46:05+00:00","twitter_card":"summary_large_image","twitter_misc":{"Dur\u00e9e de lecture estim\u00e9e":"2 minutes"},"schema":{"@context":"https:\/\/schema.org","@graph":[{"@type":"WebPage","@id":"https:\/\/kamservice.fr\/","url":"https:\/\/kamservice.fr\/","name":"KamService Informatique sur Langeais & Tours","isPartOf":{"@id":"https:\/\/kamservice.fr\/#website"},"datePublished":"2025-08-20T09:39:55+00:00","dateModified":"2025-09-02T14:46:05+00:00","description":"Bienvenue sur le site de Kamservice, l\u2019expertise informatique au service de votre m\u00e9tier, sur les zones de Langeais (37130) et Tours (37000)","inLanguage":"fr-FR","potentialAction":[{"@type":"ReadAction","target":["https:\/\/kamservice.fr\/"]}]},{"@type":"WebSite","@id":"https:\/\/kamservice.fr\/#website","url":"https:\/\/kamservice.fr\/","name":"KamService","description":"","potentialAction":[{"@type":"SearchAction","target":{"@type":"EntryPoint","urlTemplate":"https:\/\/kamservice.fr\/?s={search_term_string}"},"query-input":{"@type":"PropertyValueSpecification","valueRequired":true,"valueName":"search_term_string"}}],"inLanguage":"fr-FR"}]}},"_links":{"self":[{"href":"https:\/\/kamservice.fr\/index.php\/wp-json\/wp\/v2\/pages\/16","targetHints":{"allow":["GET"]}}],"collection":[{"href":"https:\/\/kamservice.fr\/index.php\/wp-json\/wp\/v2\/pages"}],"about":[{"href":"https:\/\/kamservice.fr\/index.php\/wp-json\/wp\/v2\/types\/page"}],"author":[{"embeddable":true,"href":"https:\/\/kamservice.fr\/index.php\/wp-json\/wp\/v2\/users\/1"}],"replies":[{"embeddable":true,"href":"https:\/\/kamservice.fr\/index.php\/wp-json\/wp\/v2\/comments?post=16"}],"version-history":[{"count":22,"href":"https:\/\/kamservice.fr\/index.php\/wp-json\/wp\/v2\/pages\/16\/revisions"}],"predecessor-version":[{"id":112,"href":"https:\/\/kamservice.fr\/index.php\/wp-json\/wp\/v2\/pages\/16\/revisions\/112"}],"wp:attachment":[{"href":"https:\/\/kamservice.fr\/index.php\/wp-json\/wp\/v2\/media?parent=16"}],"curies":[{"name":"wp","href":"https:\/\/api.w.org\/{rel}","templated":true}]}}